{"id":1138,"date":"2013-09-10T16:26:16","date_gmt":"2013-09-10T15:26:16","guid":{"rendered":"http:\/\/www.legatrain.de\/akad\/?page_id=1138"},"modified":"2016-01-19T15:07:19","modified_gmt":"2016-01-19T14:07:19","slug":"aufbau-weiterbildung-legasthenietherapeut-bvl","status":"publish","type":"page","link":"https:\/\/www.legatrain.de\/akad\/aufbau-weiterbildung-legasthenietherapeut-bvl\/","title":{"rendered":"Aufbau der Ausbildung"},"content":{"rendered":"<h4>Unsere Ausbildung ist modularisiert aufgebaut.<\/h4>\n<p>Neben dem Basiskurs \u201eGrundlagen der Legasthenie- und Dyskalkulietherapie\u201c gibt es noch die beiden Aufbaukurse Legasthenie- und Dyskalkulietherapie, die je nach Ausbildungsziel einzeln oder kombiniert belegt werden k\u00f6nnen. Die Ausbildung erfolgt berufsbegleitend, jeden Monat findet ein Wochenendseminar (Sa. 10.15 \u2013 17.45 + So. 9.00-16.30 Uhr) statt, in dessen Rahmen die theoretischen Inhalte sowie konkrete Arbeitsmethoden, die sich in der Praxis bew\u00e4hrt haben, vermittelt werden. Je nach gew\u00fcnschter Form und angestrebtem Abschluss dauert der <b>Seminarteil<\/b> der Ausbildung wie folgt:<\/p>\n<table width=\"543\" cellspacing=\"0\" cellpadding=\"9\">\n<colgroup>\n<col width=\"300\" \/>\n<col width=\"206\" \/> <\/colgroup>\n<tbody>\n<tr>\n<td width=\"300\">\n<p style=\"text-align: center;\" align=\"left\"><span style=\"font-family: Calibri, serif;\"><b><span style=\"font-family: Calibri, serif;\">Angestrebter Abschluss<\/span><\/b><\/span><\/p>\n<\/td>\n<td style=\"text-align: center;\" width=\"206\">\n<p align=\"left\"><span style=\"font-family: Calibri, serif;\"><b><span style=\"font-family: Calibri, serif;\">Dauer des Seminarteils<\/span><\/b><\/span><\/p>\n<\/td>\n<\/tr>\n<tr>\n<td style=\"text-align: center;\" width=\"300\"><span style=\"color: #00000a;\"><span style=\"font-family: 'Liberation Serif', serif;\"><span style=\"font-family: Calibri, serif;\">Legasthenietherapeut<\/span><\/span><\/span><\/td>\n<td style=\"text-align: left;\" width=\"206\"><span style=\"color: #00000a;\"><span style=\"font-family: 'Liberation Serif', serif;\"><span style=\"font-family: Calibri, serif;\">8 Monate<\/span><\/span><\/span><\/td>\n<\/tr>\n<tr>\n<td style=\"text-align: center;\" width=\"300\"><span style=\"color: #00000a;\"><span style=\"font-family: 'Liberation Serif', serif;\"><span style=\"font-family: Calibri, serif;\">Dyskalkulietherapeut<\/span><\/span><\/span><\/td>\n<td style=\"text-align: left;\" width=\"206\"><span style=\"color: #00000a;\"><span style=\"font-family: 'Liberation Serif', serif;\"><span style=\"font-family: Calibri, serif;\">7 Monate<\/span><\/span><\/span><\/td>\n<\/tr>\n<tr>\n<td style=\"text-align: center;\" width=\"300\"><span style=\"color: #00000a;\"><span style=\"font-family: 'Liberation Serif', serif;\"><span style=\"font-family: Calibri, serif;\">Legasthenie- und Dyskalkulietherapeut<\/span><\/span><\/span><\/td>\n<td style=\"text-align: left;\" width=\"206\"><span style=\"color: #00000a;\"><span style=\"font-family: 'Liberation Serif', serif;\"><span style=\"font-family: Calibri, serif;\">11Monate<\/span><\/span><\/span><\/td>\n<\/tr>\n<\/tbody>\n<\/table>\n<h3>Praxisteil<\/h3>\n<p>Neben dem Seminarteil muss auch ein umfangreicher Praxisteil absolviert werden, der parallel zum ersteren anf\u00e4ngt. Zum Praxisteil geh\u00f6ren Hospitationen, selbst\u00e4ndige Arbeit sowie Supervisionen (Stundenzahl s. unten). Der Praxisteil wird durchgehend durch die Teilnehmer protokolliert. Es handelt sich somit nicht um eine reine Wochenendausbildung, auch wenn der berufsbegleitende Charakter im Vordergrund steht. Detaillierte Informationen dazu sind in den jeweiligen Pr\u00fcfungsordnungen enthalten, die wir Ihnen auf Wunsch zuschicken.<\/p>\n<table width=\"755\" cellspacing=\"0\" cellpadding=\"9\">\n<colgroup>\n<col width=\"300\" \/>\n<col width=\"112\" \/>\n<col width=\"159\" \/>\n<col width=\"111\" \/> <\/colgroup>\n<tbody>\n<tr>\n<td width=\"300\">\n<p align=\"justify\"><span style=\"color: #00000a;\"><span style=\"font-family: 'Liberation Serif', serif;\"><b><span style=\"font-family: Calibri, serif;\">Angestrebter Abschluss<\/span><\/b><\/span><\/span><\/p>\n<\/td>\n<td width=\"112\">\n<p align=\"center\"><span style=\"color: #00000a;\"><span style=\"font-family: 'Liberation Serif', serif;\"><b><span style=\"font-family: Calibri, serif;\">Hospitation<\/span><\/b><\/span><\/span><\/p>\n<\/td>\n<td width=\"159\">\n<p align=\"center\"><span style=\"color: #00000a;\"><span style=\"font-family: 'Liberation Serif', serif;\"><b><span style=\"font-family: Calibri, serif;\">Selbst\u00e4ndige Arbeit<\/span><\/b><\/span><\/span><\/p>\n<\/td>\n<td width=\"111\">\n<p align=\"center\"><span style=\"color: #00000a;\"><span style=\"font-family: 'Liberation Serif', serif;\"><b><span style=\"font-family: Calibri, serif;\">Supervision<\/span><\/b><\/span><\/span><\/p>\n<\/td>\n<\/tr>\n<tr>\n<td width=\"300\">\n<p align=\"justify\"><span style=\"color: #00000a;\"><span style=\"font-family: 'Liberation Serif', serif;\"><span style=\"font-family: Calibri, serif;\">Legasthenietherapeut<\/span><\/span><\/span><\/p>\n<\/td>\n<td width=\"112\">\n<p align=\"center\"><span style=\"color: #00000a;\"><span style=\"font-family: 'Liberation Serif', serif;\"><span style=\"font-family: Calibri, serif;\">20 Std.<\/span><\/span><\/span><\/p>\n<\/td>\n<td width=\"159\">\n<p align=\"center\"><span style=\"color: #00000a;\"><span style=\"font-family: 'Liberation Serif', serif;\"><span style=\"font-family: Calibri, serif;\">3 F\u00e4lle x 40 Std.<\/span><\/span><\/span><\/p>\n<\/td>\n<td width=\"111\">\n<p align=\"center\"><span style=\"color: #00000a;\"><span style=\"font-family: 'Liberation Serif', serif;\"><span style=\"font-family: Calibri, serif;\">50 Std.<\/span><\/span><\/span><\/p>\n<\/td>\n<\/tr>\n<tr>\n<td width=\"300\">\n<p align=\"justify\"><span style=\"color: #00000a;\"><span style=\"font-family: 'Liberation Serif', serif;\"><span style=\"font-family: Calibri, serif;\">Dyskalkulietherapeut<\/span><\/span><\/span><\/p>\n<\/td>\n<td width=\"112\">\n<p align=\"center\"><span style=\"color: #00000a;\"><span style=\"font-family: 'Liberation Serif', serif;\"><span style=\"font-family: Calibri, serif;\">20 Std.<\/span><\/span><\/span><\/p>\n<\/td>\n<td width=\"159\">\n<p align=\"center\"><span style=\"color: #00000a;\"><span style=\"font-family: 'Liberation Serif', serif;\"><span style=\"font-family: Calibri, serif;\">3 F\u00e4lle x 30 Std.<\/span><\/span><\/span><\/p>\n<\/td>\n<td width=\"111\">\n<p align=\"center\"><span style=\"color: #00000a;\"><span style=\"font-family: 'Liberation Serif', serif;\"><span style=\"font-family: Calibri, serif;\">50 Std.<\/span><\/span><\/span><\/p>\n<\/td>\n<\/tr>\n<tr>\n<td width=\"300\">\n<p align=\"justify\"><span style=\"color: #00000a;\"><span style=\"font-family: 'Liberation Serif', serif;\"><span style=\"font-family: Calibri, serif;\">Legasthenie- und Dyskalkulietherapeut<\/span><\/span><\/span><\/p>\n<\/td>\n<td width=\"112\">\n<p align=\"center\"><span style=\"color: #00000a;\"><span style=\"font-family: 'Liberation Serif', serif;\"><span style=\"font-family: Calibri, serif;\">30 Std.<\/span><\/span><\/span><\/p>\n<\/td>\n<td width=\"159\">\n<p align=\"center\"><span style=\"color: #00000a;\"><span style=\"font-family: 'Liberation Serif', serif;\"><span style=\"font-family: Calibri, serif;\">4 F\u00e4lle x 40 Std.<\/span><\/span><\/span><\/p>\n<\/td>\n<td width=\"111\">\n<p align=\"center\"><span style=\"color: #00000a;\"><span style=\"font-family: 'Liberation Serif', serif;\"><span style=\"font-family: Calibri, serif;\">70 Std.<\/span><\/span><\/span><\/p>\n<\/td>\n<\/tr>\n<\/tbody>\n<\/table>\n<p>Die <b>Hospitationen<\/b> k\u00f6nnen sowohl in den Legatrain\u00ae-Praxen (maximal 6 Stunden pro Teilnehmer) als auch in sonstigen lerntherapeutischen Einrichtungen abgeleistet werden. Wir stellen Videoaufnahmen von Therapiestunden zur Verf\u00fcgung, die Sie protokollieren k\u00f6nnen, dies wird als Hospitationsstunde anerkannt (bis zu 50% der Gesamtstunden). In der Regel findet die <b>selbst\u00e4ndige Arbeit<\/b> in Wohnortn\u00e4he der Teilnehmer statt. Sie therapieren dabei Kinder, die von einer Legasthenie oder Dyskalkulie betroffen sind. Der Therapieverlauf wird von Ihnen dokumentiert und in einer Falldokumentation zusammengefasst. Die <b>Supervisionssitzungen <\/b>finden in der Legatrain-Akademie (oder \u00fcber Videokonferenz am Computer) statt, sie sind im Preis inbegriffen.<\/p>\n<p>Die Ausbildung schlie\u00dft mit einer <strong>m\u00fcndlichen Pr\u00fcfung<\/strong> ab. Der Ablauf und Umfang ist in der jeweiligen Pr\u00fcfungsordnung geregelt (wird vor Vertragsabschluss zugeschickt). Nach dem erfolgreichen Abschluss der Ausbildung erhalten Sie das Zertifikat Dyslexie- bzw. Dyskalkulietherapeut nach BVL, oder Dyslexie- und Dyskalkulietherapeut nach BVL (Kombi-Ausbildung).<\/p>\n","protected":false},"excerpt":{"rendered":"<p>Unsere Ausbildung ist modularisiert aufgebaut. Neben dem Basiskurs \u201eGrundlagen der Legasthenie- und Dyskalkulietherapie\u201c gibt es noch die beiden Aufbaukurse Legasthenie- und Dyskalkulietherapie, die je nach Ausbildungsziel einzeln oder kombiniert belegt werden k\u00f6nnen. Die Ausbildung erfolgt berufsbegleitend, jeden Monat findet ein Wochenendseminar (Sa. 10.15 \u2013 17.45 + So. 9.00-16.30 Uhr) statt, in dessen Rahmen die theoretischen &hellip; <a href=\"https:\/\/www.legatrain.de\/akad\/aufbau-weiterbildung-legasthenietherapeut-bvl\/\" class=\"more-link\"><span class=\"screen-reader-text\">\u201eAufbau der Ausbildung\u201c<\/span> weiterlesen<\/a><\/p>\n","protected":false},"author":3,"featured_media":0,"parent":0,"menu_order":0,"comment_status":"closed","ping_status":"open","template":"","meta":{"footnotes":""},"class_list":["post-1138","page","type-page","status-publish","hentry"],"_links":{"self":[{"href":"https:\/\/www.legatrain.de\/akad\/wp-json\/wp\/v2\/pages\/1138"}],"collection":[{"href":"https:\/\/www.legatrain.de\/akad\/wp-json\/wp\/v2\/pages"}],"about":[{"href":"https:\/\/www.legatrain.de\/akad\/wp-json\/wp\/v2\/types\/page"}],"author":[{"embeddable":true,"href":"https:\/\/www.legatrain.de\/akad\/wp-json\/wp\/v2\/users\/3"}],"replies":[{"embeddable":true,"href":"https:\/\/www.legatrain.de\/akad\/wp-json\/wp\/v2\/comments?post=1138"}],"version-history":[{"count":14,"href":"https:\/\/www.legatrain.de\/akad\/wp-json\/wp\/v2\/pages\/1138\/revisions"}],"predecessor-version":[{"id":1959,"href":"https:\/\/www.legatrain.de\/akad\/wp-json\/wp\/v2\/pages\/1138\/revisions\/1959"}],"wp:attachment":[{"href":"https:\/\/www.legatrain.de\/akad\/wp-json\/wp\/v2\/media?parent=1138"}],"curies":[{"name":"wp","href":"https:\/\/api.w.org\/{rel}","templated":true}]}}