{"id":1385,"date":"2014-08-05T14:12:19","date_gmt":"2014-08-05T13:12:19","guid":{"rendered":"http:\/\/www.legatrain.de\/akad\/?page_id=1385"},"modified":"2023-06-23T14:57:33","modified_gmt":"2023-06-23T13:57:33","slug":"fernausbildung","status":"publish","type":"page","link":"https:\/\/www.legatrain.de\/akad\/fernausbildung\/","title":{"rendered":"Fernausbildung"},"content":{"rendered":"<p>Wir freuen uns, im September 2014 unseren Fernlehrgang &#8222;<strong>Grundkompetenz in Legasthenie- und Dyskalkulietherapie<\/strong>&#8220; starten zu k\u00f6nnen.<\/p>\n<p>Das Stichwort \u201eGrundkompetenz\u201c bedeutet, dass wir Ihnen mit unserem Fernkurs den Grundstock des Wissens vermitteln, das Sie f\u00fcr eine T\u00e4tigkeit als Legasthenie- bzw. Dyskalkulietherapeuten ben\u00f6tigen.<\/p>\n<p>Sie erwerben im Rahmen des Kurses folgende Kenntnisse:<\/p>\n<h3>1. Basiskompetenzen<\/h3>\n<ul>\n<li>Kenntnisse zu Ursachen und Diagnostik der Legasthenie und Dyskalkulie<\/li>\n<li>Kenntnis der Symptome und Erscheinungsbilder der Legasthenie und Dyskalkulie<\/li>\n<li>Verst\u00e4ndnis f\u00fcr die Funktionsweise der Intelligenzdiagnostik<\/li>\n<li>Kenntnis der sekund\u00e4ren Symptomatik sowie der Komorbidit\u00e4t (m\u00f6gliche Begleiterkrankungen) bei Lese-\/Rechtschreib- und Rechenst\u00f6rungen, Kenntnis grundlegender Therapieverfahren<\/li>\n<li>Kenntnisse zu St\u00f6rungen im Bereich Sprachentwicklung und Augengesundheit als m\u00f6gliche Begleiterscheinungen einer Legasthenie<\/li>\n<li>F\u00e4higkeit zur selbstst\u00e4ndigen Durchf\u00fchrung der Testverfahren zur Feststellung einer evtl. vorliegenden Legasthenie bzw. Dyskalkulie<\/li>\n<li>Kenntnis und Anwendungskompetenz grundlegender Therapietechniken sowie dazugeh\u00f6riger Lehrstrategien im Bereich Wahrnehmung und Konzentration<\/li>\n<li>Grundlegende therapeutische Kompetenzen, die f\u00fcr den Umgang mit legasthenen und dyskalkulen Kindern notwendig sind.<\/li>\n<\/ul>\n<h3>2. Weiterf\u00fchrende Kompetenzen<\/h3>\n<ul>\n<li>Kenntnisse der theoretischen Grundlagen der Legasthenie- und Dyskalkulietherapie<\/li>\n<li>Kenntnis und Anwendungskompetenz grundlegender Therapietechniken und -programme sowie dazugeh\u00f6riger Lehrstrategien im Bereich Legasthenie und Dyskalkulie<\/li>\n<li>Kenntnisse der aktuellen rechtlichen Rahmenbedingungen in Bezug auf die Legasthenie- und Dyskalkulietherapie<\/li>\n<li>Kenntnisse der Anforderungen an die Dokumentation f\u00fcr Jugend\u00e4mter.<\/li>\n<\/ul>\n<p><strong>Bitte beachten Sie<\/strong>, dass im Moment mit dem Fernkurs kein Abschluss nach BVL erworben werden kann.<\/p>\n<div style=\"margin-bottom: 5px;\"><\/div>\n","protected":false},"excerpt":{"rendered":"<p>Wir freuen uns, im September 2014 unseren Fernlehrgang &#8222;Grundkompetenz in Legasthenie- und Dyskalkulietherapie&#8220; starten zu k\u00f6nnen. Das Stichwort \u201eGrundkompetenz\u201c bedeutet, dass wir Ihnen mit unserem Fernkurs den Grundstock des Wissens vermitteln, das Sie f\u00fcr eine T\u00e4tigkeit als Legasthenie- bzw. Dyskalkulietherapeuten ben\u00f6tigen. Sie erwerben im Rahmen des Kurses folgende Kenntnisse: 1. Basiskompetenzen Kenntnisse zu Ursachen und &hellip; <a href=\"https:\/\/www.legatrain.de\/akad\/fernausbildung\/\" class=\"more-link\"><span class=\"screen-reader-text\">\u201eFernausbildung\u201c<\/span> weiterlesen<\/a><\/p>\n","protected":false},"author":3,"featured_media":0,"parent":0,"menu_order":0,"comment_status":"closed","ping_status":"open","template":"","meta":{"footnotes":""},"class_list":["post-1385","page","type-page","status-publish","hentry"],"_links":{"self":[{"href":"https:\/\/www.legatrain.de\/akad\/wp-json\/wp\/v2\/pages\/1385"}],"collection":[{"href":"https:\/\/www.legatrain.de\/akad\/wp-json\/wp\/v2\/pages"}],"about":[{"href":"https:\/\/www.legatrain.de\/akad\/wp-json\/wp\/v2\/types\/page"}],"author":[{"embeddable":true,"href":"https:\/\/www.legatrain.de\/akad\/wp-json\/wp\/v2\/users\/3"}],"replies":[{"embeddable":true,"href":"https:\/\/www.legatrain.de\/akad\/wp-json\/wp\/v2\/comments?post=1385"}],"version-history":[{"count":13,"href":"https:\/\/www.legatrain.de\/akad\/wp-json\/wp\/v2\/pages\/1385\/revisions"}],"predecessor-version":[{"id":2786,"href":"https:\/\/www.legatrain.de\/akad\/wp-json\/wp\/v2\/pages\/1385\/revisions\/2786"}],"wp:attachment":[{"href":"https:\/\/www.legatrain.de\/akad\/wp-json\/wp\/v2\/media?parent=1385"}],"curies":[{"name":"wp","href":"https:\/\/api.w.org\/{rel}","templated":true}]}}