{"id":304,"date":"2011-07-04T10:46:00","date_gmt":"2011-07-04T08:46:00","guid":{"rendered":"http:\/\/www.legatrain.de\/akad\/?page_id=304"},"modified":"2014-06-06T14:33:28","modified_gmt":"2014-06-06T13:33:28","slug":"lesetraining-fur-schuler-mit-lrs-oder-legasthenie","status":"publish","type":"page","link":"https:\/\/www.legatrain.de\/akad\/lesetraining-fur-schuler-mit-lrs-oder-legasthenie\/","title":{"rendered":"Lesetraining f\u00fcr Sch\u00fcler mit LRS oder Legasthenie"},"content":{"rendered":"<p>Das Problem der Lesest\u00f6rung ist seit dem 19 Jhd. bekannt. Die Begriffe, die dazu verwendet wurden, hie\u00dfen: Wortblindheit, Leseblindheit, Leseschw\u00e4che, Lesest\u00f6rung, Legasthenie, Dyslexie.<\/p>\n<p>Unabh\u00e4ngig von der Begrifflichkeit sind die Symptome fast immer gleich: die Betroffenen lesen langsam, sehr fehlerhaft und gebrochen. Sie lassen Buchstaben oder Silben aus, verwechseln \u00e4hnlich aussehende Buchstaben, versuchen das Wort zu erraten, statt es zu lesen. Sie f\u00fchlen sich beim Lesen sehr unwohl und leiden seelisch unter diesem Problem. Diesen Sch\u00fclern oder auch Erwachsenen kann durch Einsatz bestimmter <strong>Lesestrategien<\/strong>, die in unserer Praxis entwickelt und seit 14 Jahren erprobt wurden, effektiv geholfen werden. Bei unserem Workshop k\u00f6nnen Sie diese Strategien sowie die <strong>stakkatierende Lesemethode<\/strong> erlernen und in den Schul-, F\u00f6rder- oder Therapiestunden erfolgreich umsetzen.<\/p>\n","protected":false},"excerpt":{"rendered":"<p>Das Problem der Lesest\u00f6rung ist seit dem 19 Jhd. bekannt. Die Begriffe, die dazu verwendet wurden, hie\u00dfen: Wortblindheit, Leseblindheit, Leseschw\u00e4che, Lesest\u00f6rung, Legasthenie, Dyslexie. Unabh\u00e4ngig von der Begrifflichkeit sind die Symptome fast immer gleich: die Betroffenen lesen langsam, sehr fehlerhaft und gebrochen. Sie lassen Buchstaben oder Silben aus, verwechseln \u00e4hnlich aussehende Buchstaben, versuchen das Wort zu &hellip; <a href=\"https:\/\/www.legatrain.de\/akad\/lesetraining-fur-schuler-mit-lrs-oder-legasthenie\/\" class=\"more-link\"><span class=\"screen-reader-text\">\u201eLesetraining f\u00fcr Sch\u00fcler mit LRS oder Legasthenie\u201c<\/span> weiterlesen<\/a><\/p>\n","protected":false},"author":3,"featured_media":0,"parent":0,"menu_order":0,"comment_status":"open","ping_status":"open","template":"","meta":{"footnotes":""},"class_list":["post-304","page","type-page","status-publish","hentry"],"_links":{"self":[{"href":"https:\/\/www.legatrain.de\/akad\/wp-json\/wp\/v2\/pages\/304"}],"collection":[{"href":"https:\/\/www.legatrain.de\/akad\/wp-json\/wp\/v2\/pages"}],"about":[{"href":"https:\/\/www.legatrain.de\/akad\/wp-json\/wp\/v2\/types\/page"}],"author":[{"embeddable":true,"href":"https:\/\/www.legatrain.de\/akad\/wp-json\/wp\/v2\/users\/3"}],"replies":[{"embeddable":true,"href":"https:\/\/www.legatrain.de\/akad\/wp-json\/wp\/v2\/comments?post=304"}],"version-history":[{"count":9,"href":"https:\/\/www.legatrain.de\/akad\/wp-json\/wp\/v2\/pages\/304\/revisions"}],"predecessor-version":[{"id":1342,"href":"https:\/\/www.legatrain.de\/akad\/wp-json\/wp\/v2\/pages\/304\/revisions\/1342"}],"wp:attachment":[{"href":"https:\/\/www.legatrain.de\/akad\/wp-json\/wp\/v2\/media?parent=304"}],"curies":[{"name":"wp","href":"https:\/\/api.w.org\/{rel}","templated":true}]}}