{"id":73,"date":"2011-01-31T16:56:26","date_gmt":"2011-01-31T15:56:26","guid":{"rendered":"http:\/\/www.legatrain.de\/akad\/?page_id=73"},"modified":"2014-11-04T11:22:05","modified_gmt":"2014-11-04T10:22:05","slug":"legasthenietherapeut","status":"publish","type":"page","link":"https:\/\/www.legatrain.de\/akad\/legasthenietherapeut\/","title":{"rendered":"Berufsbild Legasthenietherapeut"},"content":{"rendered":"<p>Ein Legasthenietherapeut muss sich mit den Ursachen \u00a0sowie mit verschiedenen Testverfahren zur Feststellung einer evtl. vorliegenden Lese- und\/ oder Rechtschreibst\u00f6rung (Legasthenie) auseinandersetzen k\u00f6nnen.<\/p>\n<p>Desweiteren soll er:<\/p>\n<ul>\n<li>den aktuellen Forschungsstand \u00fcber die Ursachen und Behandlungsm\u00f6glichkeiten einer Lese- Rechtschreibst\u00f6rung\/Legasthenie kennen, um auf dem neuesten Stand der wissenschaftlichen Erkenntnisse und Forschungen \u00fcber das Ph\u00e4nomen der o.g. Lernst\u00f6rung zu sein<\/li>\n<li>nicht nur die Symptome und Erscheinungsbilder der Legasthenie kennen,\u00a0 sondern auch eine Beurteilungsf\u00e4higkeit besitzen, um die individuelle Problematik des Betroffenen zu erkennen und zu kategorisieren<\/li>\n<li>\u00fcber m\u00f6glichst viele Therapietechniken sowie Lehrstrategien verf\u00fcgen, um diese an die Lernstrategien des legasthenen Kindes, Jugendlichen und Erwachsenen anpassen und ihm die notwendige Hilfe leisten zu k\u00f6nnen<\/li>\n<li>er muss sich mit der Gehirnt\u00e4tigkeit sowie mit den m\u00f6glichen Auswirkungen der Wahrnehmungsst\u00f6rungen auf den Lese-\/ Rechtschreiblernprozess auskennen<\/li>\n<li>mit den Rechtschreibregeln, mit der Grammatik sowie der Logik der Rechtschreibung vertraut sein<\/li>\n<li>die historische Entwicklung der deutschen Rechtschreibung kennen, um den Betroffenen die sogenannten \u201eAusnahmef\u00e4lle\u201c erkl\u00e4ren zu k\u00f6nnen<\/li>\n<li>die Lerninhalte und den \u00dcbungsstoff der entsprechenden Klassenstufe kennen<\/li>\n<li>die modernen Therapie- und Trainingsprogramme (auch PC-Programme) kennen<\/li>\n<li>sich mit der sekund\u00e4ren Symptomatik sowie mit der Komorbidit\u00e4t der Lese-Rechtschreibst\u00f6rung und mit dem entsprechenden therapeutischen Vorgehen auskennen, um die m\u00f6glichen psychischen sowie Verhaltensst\u00f6rungen des Betroffenen lindern zu k\u00f6nnen und deren erfolgreiche soziale Integration zu erm\u00f6glichen<\/li>\n<li>sich die Gespr\u00e4chs- und Kommunikationstechniken aneignen, um mit den legasthenen Kindern, Jugendlichen und deren Eltern sowie mit Lehrern, \u00c4rzten und Beh\u00f6rden fachgerecht kommunizieren zu k\u00f6nnen und im st\u00e4ndigen Kontakt zu bleiben<\/li>\n<li>praktische \u00a0Erfahrungen f\u00fcr eine erfolgreiche Legasthenietherapie sammeln<\/li>\n<li>\u00fcber Kenntnisse zu den zur Zeit geltenden rechtlichen Rahmenbedingungen verf\u00fcgen<\/li>\n<\/ul>\n<p>All das kann in der von uns angebotenen Ausbildung zum Legasthenietherapeuten erlernt werden. Das Fachwissen und die langj\u00e4hrige praktische Erfahrung m\u00f6chten wir gerne an Sie weitergeben!<\/p>\n<p>&nbsp;<\/p>\n<p>&nbsp;<\/p>\n","protected":false},"excerpt":{"rendered":"<p>Ein Legasthenietherapeut muss sich mit den Ursachen \u00a0sowie mit verschiedenen Testverfahren zur Feststellung einer evtl. vorliegenden Lese- und\/ oder Rechtschreibst\u00f6rung (Legasthenie) auseinandersetzen k\u00f6nnen. Desweiteren soll er: den aktuellen Forschungsstand \u00fcber die Ursachen und Behandlungsm\u00f6glichkeiten einer Lese- Rechtschreibst\u00f6rung\/Legasthenie kennen, um auf dem neuesten Stand der wissenschaftlichen Erkenntnisse und Forschungen \u00fcber das Ph\u00e4nomen der o.g. Lernst\u00f6rung zu &hellip; <a href=\"https:\/\/www.legatrain.de\/akad\/legasthenietherapeut\/\" class=\"more-link\"><span class=\"screen-reader-text\">\u201eBerufsbild Legasthenietherapeut\u201c<\/span> weiterlesen<\/a><\/p>\n","protected":false},"author":3,"featured_media":0,"parent":0,"menu_order":0,"comment_status":"open","ping_status":"open","template":"","meta":{"footnotes":""},"class_list":["post-73","page","type-page","status-publish","hentry"],"_links":{"self":[{"href":"https:\/\/www.legatrain.de\/akad\/wp-json\/wp\/v2\/pages\/73"}],"collection":[{"href":"https:\/\/www.legatrain.de\/akad\/wp-json\/wp\/v2\/pages"}],"about":[{"href":"https:\/\/www.legatrain.de\/akad\/wp-json\/wp\/v2\/types\/page"}],"author":[{"embeddable":true,"href":"https:\/\/www.legatrain.de\/akad\/wp-json\/wp\/v2\/users\/3"}],"replies":[{"embeddable":true,"href":"https:\/\/www.legatrain.de\/akad\/wp-json\/wp\/v2\/comments?post=73"}],"version-history":[{"count":15,"href":"https:\/\/www.legatrain.de\/akad\/wp-json\/wp\/v2\/pages\/73\/revisions"}],"predecessor-version":[{"id":1576,"href":"https:\/\/www.legatrain.de\/akad\/wp-json\/wp\/v2\/pages\/73\/revisions\/1576"}],"wp:attachment":[{"href":"https:\/\/www.legatrain.de\/akad\/wp-json\/wp\/v2\/media?parent=73"}],"curies":[{"name":"wp","href":"https:\/\/api.w.org\/{rel}","templated":true}]}}