{"id":1110,"date":"2020-06-22T21:15:29","date_gmt":"2020-06-22T19:15:29","guid":{"rendered":"https:\/\/www.legatrain.de\/wp\/cookie-richtlinie-eu\/"},"modified":"2020-06-22T21:15:29","modified_gmt":"2020-06-22T19:15:29","slug":"cookie-richtlinie-eu","status":"publish","type":"page","link":"https:\/\/www.legatrain.de\/wp\/cookie-richtlinie-eu\/","title":{"rendered":"Cookie-Richtlinie (EU)"},"content":{"rendered":"","protected":false},"excerpt":{"rendered":"","protected":false},"author":13,"featured_media":0,"parent":0,"menu_order":0,"comment_status":"closed","ping_status":"closed","template":"","meta":{"advanced_seo_description":"","jetpack_seo_html_title":"","jetpack_seo_noindex":false,"footnotes":""},"class_list":["post-1110","page","type-page","status-publish","hentry"],"jetpack_shortlink":"https:\/\/wp.me\/P4Clu5-hU","jetpack-related-posts":[{"id":1122,"url":"https:\/\/www.legatrain.de\/wp\/datenschutzerklaerung\/","url_meta":{"origin":1110,"position":0},"title":"Datenschutzerkl\u00e4rung","author":"legatra1n","date":"20. Juli 2020","format":false,"excerpt":"Verantwortlicher Verantwortlicher im Sinne der Datenschutzgesetze, insbesondere der EU-Datenschutz-Grundverordnung (DSGVO), ist: Dr. Nina HellwigHauptstra\u00dfe 6491054 Erlangen Ihre Betroffenenrechte Unter den angegebenen Kontaktdaten k\u00f6nnen Sie gem\u00e4\u00df EU-Datenschutz-Grundverordnung (DSGVO) jederzeit folgende Rechte aus\u00fcben: Auskunft \u00fcber Ihre bei uns gespeicherten Daten und deren Verarbeitung (Art. 15 DSGVO), Berichtigung unrichtiger personenbezogener Daten (Art. 16\u2026","rel":"","context":"\u00c4hnlicher Beitrag","block_context":{"text":"\u00c4hnlicher Beitrag","link":""},"img":{"alt_text":"","src":"","width":0,"height":0},"classes":[]}],"jetpack_sharing_enabled":true,"_links":{"self":[{"href":"https:\/\/www.legatrain.de\/wp\/wp-json\/wp\/v2\/pages\/1110","targetHints":{"allow":["GET"]}}],"collection":[{"href":"https:\/\/www.legatrain.de\/wp\/wp-json\/wp\/v2\/pages"}],"about":[{"href":"https:\/\/www.legatrain.de\/wp\/wp-json\/wp\/v2\/types\/page"}],"author":[{"embeddable":true,"href":"https:\/\/www.legatrain.de\/wp\/wp-json\/wp\/v2\/users\/13"}],"replies":[{"embeddable":true,"href":"https:\/\/www.legatrain.de\/wp\/wp-json\/wp\/v2\/comments?post=1110"}],"version-history":[{"count":0,"href":"https:\/\/www.legatrain.de\/wp\/wp-json\/wp\/v2\/pages\/1110\/revisions"}],"wp:attachment":[{"href":"https:\/\/www.legatrain.de\/wp\/wp-json\/wp\/v2\/media?parent=1110"}],"curies":[{"name":"wp","href":"https:\/\/api.w.org\/{rel}","templated":true}]}}