{"id":21,"date":"2009-03-30T15:48:33","date_gmt":"2009-03-30T13:48:33","guid":{"rendered":"http:\/\/www.legatrain.de\/wp\/?page_id=21"},"modified":"2026-03-18T00:07:03","modified_gmt":"2026-03-17T22:07:03","slug":"weiterbildung","status":"publish","type":"page","link":"https:\/\/www.legatrain.de\/wp\/weiterbildung\/","title":{"rendered":"Seminare und Workshops"},"content":{"rendered":"<p>Die <a title=\"Legatrain Akademie\" href=\"http:\/\/www.legatrain.de\/akad\">Legatrain Akademie<\/a> f\u00fcr Legasthenie- und Dyskalkulietherapie in Erlangen bietet folgende Seminare bzw. Workshops an. Diese finden immer Samstags von 10-17 Uhr statt.<br \/>\n<strong>Weitere Infos und aktuelle Termine finden Sie auf der <a href=\"http:\/\/workshop.legatrain.de\">Seite der Legatrain Akademie.<\/a><\/strong><\/p>\n<ul>\n<li>Legasthenietraining f\u00fcr Erwachsene: (auf Nachfrage, Mindestteilnehmerzahl 5 Personen).<\/li>\n<li>Lesetraining f\u00fcr Sch\u00fcler mit LRS oder Legasthenie.<\/li>\n<li>Prinzipien der Rechtschreibung verstehen und erkl\u00e4ren.<\/li>\n<li>Rechenst\u00f6rung &#8211; Dyskalkulie. Erkennen und richtig behandeln.<\/li>\n<li>Wahrnehmungstraining f\u00fcr legasthene Kinder.<\/li>\n<li>Rechtschreibstrategien f\u00fcr rechtschreibschwache Kinder in der Praxis anwenden.<\/li>\n<\/ul>\n<p>Falls Sie gerne teilnehmen w\u00fcrden, aber zu dem angegebenen Termin nicht k\u00f6nnen, schreiben Sie uns bitte, oder <a title=\"Legatrain Newsletter\" href=\"http:\/\/eepurl.com\/ent1c\">melden Sie sich f\u00fcr den Newsletter an<\/a>, damit wir Sie \u00c3\u00bcber unsere zuk\u00fcnftigen Seminare und Workshops informieren k\u00f6nnen.<\/p>\n","protected":false},"excerpt":{"rendered":"<p>Die Legatrain Akademie f\u00fcr Legasthenie- und Dyskalkulietherapie in Erlangen bietet folgende Seminare bzw. Workshops an. Diese finden immer Samstags von 10-17 Uhr statt. Weitere Infos und aktuelle Termine finden Sie auf der Seite der Legatrain Akademie. Legasthenietraining f\u00fcr Erwachsene: (auf Nachfrage, Mindestteilnehmerzahl 5 Personen). Lesetraining f\u00fcr Sch\u00fcler mit LRS oder Legasthenie. Prinzipien der Rechtschreibung verstehen &hellip; <a href=\"https:\/\/www.legatrain.de\/wp\/weiterbildung\/\" class=\"more-link\"><span class=\"screen-reader-text\">\u201eSeminare und Workshops\u201c <\/span>weiterlesen<\/a><\/p>\n","protected":false},"author":13,"featured_media":0,"parent":0,"menu_order":0,"comment_status":"closed","ping_status":"open","template":"","meta":{"advanced_seo_description":"","jetpack_seo_html_title":"","jetpack_seo_noindex":false,"footnotes":""},"class_list":["post-21","page","type-page","status-publish","hentry"],"jetpack_shortlink":"https:\/\/wp.me\/P4Clu5-l","jetpack-related-posts":[],"jetpack_sharing_enabled":true,"_links":{"self":[{"href":"https:\/\/www.legatrain.de\/wp\/wp-json\/wp\/v2\/pages\/21","targetHints":{"allow":["GET"]}}],"collection":[{"href":"https:\/\/www.legatrain.de\/wp\/wp-json\/wp\/v2\/pages"}],"about":[{"href":"https:\/\/www.legatrain.de\/wp\/wp-json\/wp\/v2\/types\/page"}],"author":[{"embeddable":true,"href":"https:\/\/www.legatrain.de\/wp\/wp-json\/wp\/v2\/users\/13"}],"replies":[{"embeddable":true,"href":"https:\/\/www.legatrain.de\/wp\/wp-json\/wp\/v2\/comments?post=21"}],"version-history":[{"count":17,"href":"https:\/\/www.legatrain.de\/wp\/wp-json\/wp\/v2\/pages\/21\/revisions"}],"predecessor-version":[{"id":3486,"href":"https:\/\/www.legatrain.de\/wp\/wp-json\/wp\/v2\/pages\/21\/revisions\/3486"}],"wp:attachment":[{"href":"https:\/\/www.legatrain.de\/wp\/wp-json\/wp\/v2\/media?parent=21"}],"curies":[{"name":"wp","href":"https:\/\/api.w.org\/{rel}","templated":true}]}}